{"id":55,"date":"2013-04-08T18:55:31","date_gmt":"2013-04-08T18:55:31","guid":{"rendered":"http:\/\/wordpressbarrinar.barrinarcapalasostenibilitat.org\/?page_id=55"},"modified":"2016-12-07T21:01:20","modified_gmt":"2016-12-07T20:01:20","slug":"nutricionalmente-equilibrado","status":"publish","type":"page","link":"http:\/\/barrinar.cat\/?page_id=55","title":{"rendered":"Saludable i nutricionalment equilibrat"},"content":{"rendered":"<p>La nostra primera proposta sol ser <b>vegetariana <\/b>per raons ambientals, de salut i per ser m\u00e9s inclusiva (diversitat cultural, intoler\u00e0ncies, etc) encara que tamb\u00e9 podem introduir carns o pesca responsable.<\/p>\n<p>Els <b>nostres men\u00fas s\u00f3n equilibrats<\/b>, contenen l\u2019aportaci\u00f3 de nutrients necessaris per una dieta rica i saludable, afavorida a m\u00e9s a m\u00e9s per els beneficis i avantatges nutricionals que aporten els productes ecol\u00f2gics i de temporada.<\/p>\n","protected":false},"excerpt":{"rendered":"<p>La nostra primera proposta sol ser vegetariana per raons ambientals, de salut i per ser m\u00e9s inclusiva (diversitat cultural, intoler\u00e0ncies, etc) encara que tamb\u00e9 podem introduir carns o pesca responsable. Els nostres men\u00fas s\u00f3n equilibrats, contenen l\u2019aportaci\u00f3 de nutrients necessaris &hellip;<\/p>\n<p class=\"read-more\"> <a class=\"more-link\" href=\"http:\/\/barrinar.cat\/?page_id=55\"> <span class=\"screen-reader-text\">Saludable i nutricionalment equilibrat<\/span> Leer m\u00e1s \u00bb<\/a><\/p>\n","protected":false},"author":2,"featured_media":0,"parent":25,"menu_order":5,"comment_status":"closed","ping_status":"open","template":"full-width-page.php","meta":{"footnotes":""},"class_list":["post-55","page","type-page","status-publish","hentry"],"_links":{"self":[{"href":"http:\/\/barrinar.cat\/index.php?rest_route=\/wp\/v2\/pages\/55","targetHints":{"allow":["GET"]}}],"collection":[{"href":"http:\/\/barrinar.cat\/index.php?rest_route=\/wp\/v2\/pages"}],"about":[{"href":"http:\/\/barrinar.cat\/index.php?rest_route=\/wp\/v2\/types\/page"}],"author":[{"embeddable":true,"href":"http:\/\/barrinar.cat\/index.php?rest_route=\/wp\/v2\/users\/2"}],"replies":[{"embeddable":true,"href":"http:\/\/barrinar.cat\/index.php?rest_route=%2Fwp%2Fv2%2Fcomments&post=55"}],"version-history":[{"count":3,"href":"http:\/\/barrinar.cat\/index.php?rest_route=\/wp\/v2\/pages\/55\/revisions"}],"predecessor-version":[{"id":290,"href":"http:\/\/barrinar.cat\/index.php?rest_route=\/wp\/v2\/pages\/55\/revisions\/290"}],"up":[{"embeddable":true,"href":"http:\/\/barrinar.cat\/index.php?rest_route=\/wp\/v2\/pages\/25"}],"wp:attachment":[{"href":"http:\/\/barrinar.cat\/index.php?rest_route=%2Fwp%2Fv2%2Fmedia&parent=55"}],"curies":[{"name":"wp","href":"https:\/\/api.w.org\/{rel}","templated":true}]}}