{"id":53,"date":"2013-04-08T18:54:22","date_gmt":"2013-04-08T18:54:22","guid":{"rendered":"http:\/\/wordpressbarrinar.barrinarcapalasostenibilitat.org\/?page_id=53"},"modified":"2016-12-07T20:59:25","modified_gmt":"2016-12-07T19:59:25","slug":"de-temporada","status":"publish","type":"page","link":"http:\/\/barrinar.cat\/?page_id=53","title":{"rendered":"De Temporada"},"content":{"rendered":"<p>Tots els nostres productes s\u00f3n <b>de temporada<\/b>. Ens adeq\u00fcem als cicles biol\u00f2gics en lloc de optar per productes provinents de hivernacles o de exportacions, contribuint d\u2019aquesta manera a mantindre un ambient s\u00e0 i interferint el menys possible en el territori.<\/p>\n<p>Ens adaptem als <b>calendaris i realitats del camp<\/b> per confeccionar els nostres men\u00fas, adequant la nostra activitat al funcionament dels cicles naturals del nostre entorn i adaptant la dieta a les condicions apropiades de cada estaci\u00f3.<\/p>\n","protected":false},"excerpt":{"rendered":"<p>Tots els nostres productes s\u00f3n de temporada. Ens adeq\u00fcem als cicles biol\u00f2gics en lloc de optar per productes provinents de hivernacles o de exportacions, contribuint d\u2019aquesta manera a mantindre un ambient s\u00e0 i interferint el menys possible en el territori. &hellip;<\/p>\n<p class=\"read-more\"> <a class=\"more-link\" href=\"http:\/\/barrinar.cat\/?page_id=53\"> <span class=\"screen-reader-text\">De Temporada<\/span> Leer m\u00e1s \u00bb<\/a><\/p>\n","protected":false},"author":2,"featured_media":0,"parent":25,"menu_order":3,"comment_status":"closed","ping_status":"open","template":"full-width-page.php","meta":{"footnotes":""},"class_list":["post-53","page","type-page","status-publish","hentry"],"_links":{"self":[{"href":"http:\/\/barrinar.cat\/index.php?rest_route=\/wp\/v2\/pages\/53","targetHints":{"allow":["GET"]}}],"collection":[{"href":"http:\/\/barrinar.cat\/index.php?rest_route=\/wp\/v2\/pages"}],"about":[{"href":"http:\/\/barrinar.cat\/index.php?rest_route=\/wp\/v2\/types\/page"}],"author":[{"embeddable":true,"href":"http:\/\/barrinar.cat\/index.php?rest_route=\/wp\/v2\/users\/2"}],"replies":[{"embeddable":true,"href":"http:\/\/barrinar.cat\/index.php?rest_route=%2Fwp%2Fv2%2Fcomments&post=53"}],"version-history":[{"count":3,"href":"http:\/\/barrinar.cat\/index.php?rest_route=\/wp\/v2\/pages\/53\/revisions"}],"predecessor-version":[{"id":288,"href":"http:\/\/barrinar.cat\/index.php?rest_route=\/wp\/v2\/pages\/53\/revisions\/288"}],"up":[{"embeddable":true,"href":"http:\/\/barrinar.cat\/index.php?rest_route=\/wp\/v2\/pages\/25"}],"wp:attachment":[{"href":"http:\/\/barrinar.cat\/index.php?rest_route=%2Fwp%2Fv2%2Fmedia&parent=53"}],"curies":[{"name":"wp","href":"https:\/\/api.w.org\/{rel}","templated":true}]}}