{"id":50,"date":"2013-04-08T18:49:59","date_gmt":"2013-04-08T18:49:59","guid":{"rendered":"http:\/\/wordpressbarrinar.barrinarcapalasostenibilitat.org\/?page_id=50"},"modified":"2016-12-07T20:58:25","modified_gmt":"2016-12-07T19:58:25","slug":"local","status":"publish","type":"page","link":"http:\/\/barrinar.cat\/?page_id=50","title":{"rendered":"Local"},"content":{"rendered":"<p>Tots els productes que oferim s\u00f3n de producci\u00f3 local. La majoria de ells son de <b>Km 0<\/b>, es a dir, que s\u2019han produ\u00eft en un radi menor o igual a 100Km. Quan aix\u00f2 no es possible (com per exemple passa amb el caf\u00e8)\u00a0 apostem per productes de <b>comer\u00e7\u00a0 just.<\/b><\/p>\n<p>Fomentem el <b>circuit curt de comercialitzaci\u00f3<\/b>, es a dir, la proximitat entre productors i consumidors. Buscant un tracte directe i sense intermediaris en la cadena de producci\u00f3.<\/p>\n","protected":false},"excerpt":{"rendered":"<p>Tots els productes que oferim s\u00f3n de producci\u00f3 local. La majoria de ells son de Km 0, es a dir, que s\u2019han produ\u00eft en un radi menor o igual a 100Km. Quan aix\u00f2 no es possible (com per exemple passa &hellip;<\/p>\n<p class=\"read-more\"> <a class=\"more-link\" href=\"http:\/\/barrinar.cat\/?page_id=50\"> <span class=\"screen-reader-text\">Local<\/span> Leer m\u00e1s \u00bb<\/a><\/p>\n","protected":false},"author":2,"featured_media":0,"parent":25,"menu_order":2,"comment_status":"closed","ping_status":"open","template":"full-width-page.php","meta":{"footnotes":""},"class_list":["post-50","page","type-page","status-publish","hentry"],"_links":{"self":[{"href":"http:\/\/barrinar.cat\/index.php?rest_route=\/wp\/v2\/pages\/50","targetHints":{"allow":["GET"]}}],"collection":[{"href":"http:\/\/barrinar.cat\/index.php?rest_route=\/wp\/v2\/pages"}],"about":[{"href":"http:\/\/barrinar.cat\/index.php?rest_route=\/wp\/v2\/types\/page"}],"author":[{"embeddable":true,"href":"http:\/\/barrinar.cat\/index.php?rest_route=\/wp\/v2\/users\/2"}],"replies":[{"embeddable":true,"href":"http:\/\/barrinar.cat\/index.php?rest_route=%2Fwp%2Fv2%2Fcomments&post=50"}],"version-history":[{"count":3,"href":"http:\/\/barrinar.cat\/index.php?rest_route=\/wp\/v2\/pages\/50\/revisions"}],"predecessor-version":[{"id":287,"href":"http:\/\/barrinar.cat\/index.php?rest_route=\/wp\/v2\/pages\/50\/revisions\/287"}],"up":[{"embeddable":true,"href":"http:\/\/barrinar.cat\/index.php?rest_route=\/wp\/v2\/pages\/25"}],"wp:attachment":[{"href":"http:\/\/barrinar.cat\/index.php?rest_route=%2Fwp%2Fv2%2Fmedia&parent=50"}],"curies":[{"name":"wp","href":"https:\/\/api.w.org\/{rel}","templated":true}]}}