{"id":48,"date":"2013-04-08T18:48:36","date_gmt":"2013-04-08T18:48:36","guid":{"rendered":"http:\/\/wordpressbarrinar.barrinarcapalasostenibilitat.org\/?page_id=48"},"modified":"2016-12-07T21:04:43","modified_gmt":"2016-12-07T20:04:43","slug":"menus","status":"publish","type":"page","link":"http:\/\/barrinar.cat\/?page_id=48","title":{"rendered":"La Nostra Carta"},"content":{"rendered":"<p>Oferim una <b>amplia varietat de men\u00fas i serveis<\/b> que contemplen tots els \u00e0pats del dia: <b>Caf\u00e8s de benvinguda, Esmorzars, Pauses caf\u00e8 del mati i\/o tarda, Dinars a peu dret, Berenars, Copes de benvinguda, Sopars ,\u00a0 Serveis entaulats, etc.<\/b><\/p>\n<p>Els nostres men\u00fas son elaborats <b>sempre seguint els nostres criteris<\/b> i adequant-se a la temporada\/\u00e8poca del any buscant un equilibri nutricional. Els men\u00fas varien durant les estacions i els preus poden variar en funci\u00f3 del productes i serveis que es sol\u00b7licitin en cada cas. <b>Contacta amb nosaltres sense comprom\u00eds per a que elaborem una proposta amb men\u00fa i pressupost per vosaltres<\/b><\/p>\n<p>&nbsp;<\/p>\n<p>&nbsp;<\/p>\n","protected":false},"excerpt":{"rendered":"<p>Oferim una amplia varietat de men\u00fas i serveis que contemplen tots els \u00e0pats del dia: Caf\u00e8s de benvinguda, Esmorzars, Pauses caf\u00e8 del mati i\/o tarda, Dinars a peu dret, Berenars, Copes de benvinguda, Sopars ,\u00a0 Serveis entaulats, etc. Els nostres &hellip;<\/p>\n<p class=\"read-more\"> <a class=\"more-link\" href=\"http:\/\/barrinar.cat\/?page_id=48\"> <span class=\"screen-reader-text\">La Nostra Carta<\/span> Leer m\u00e1s \u00bb<\/a><\/p>\n","protected":false},"author":2,"featured_media":0,"parent":0,"menu_order":5,"comment_status":"closed","ping_status":"open","template":"full-width-page.php","meta":{"footnotes":""},"class_list":["post-48","page","type-page","status-publish","hentry"],"_links":{"self":[{"href":"http:\/\/barrinar.cat\/index.php?rest_route=\/wp\/v2\/pages\/48","targetHints":{"allow":["GET"]}}],"collection":[{"href":"http:\/\/barrinar.cat\/index.php?rest_route=\/wp\/v2\/pages"}],"about":[{"href":"http:\/\/barrinar.cat\/index.php?rest_route=\/wp\/v2\/types\/page"}],"author":[{"embeddable":true,"href":"http:\/\/barrinar.cat\/index.php?rest_route=\/wp\/v2\/users\/2"}],"replies":[{"embeddable":true,"href":"http:\/\/barrinar.cat\/index.php?rest_route=%2Fwp%2Fv2%2Fcomments&post=48"}],"version-history":[{"count":6,"href":"http:\/\/barrinar.cat\/index.php?rest_route=\/wp\/v2\/pages\/48\/revisions"}],"predecessor-version":[{"id":158,"href":"http:\/\/barrinar.cat\/index.php?rest_route=\/wp\/v2\/pages\/48\/revisions\/158"}],"wp:attachment":[{"href":"http:\/\/barrinar.cat\/index.php?rest_route=%2Fwp%2Fv2%2Fmedia&parent=48"}],"curies":[{"name":"wp","href":"https:\/\/api.w.org\/{rel}","templated":true}]}}