{"id":33,"date":"2013-04-08T16:03:22","date_gmt":"2013-04-08T16:03:22","guid":{"rendered":"http:\/\/wordpressbarrinar.barrinarcapalasostenibilitat.org\/?page_id=33"},"modified":"2016-12-07T21:16:35","modified_gmt":"2016-12-07T20:16:35","slug":"contacto","status":"publish","type":"page","link":"http:\/\/barrinar.cat\/?page_id=33","title":{"rendered":"Contacte"},"content":{"rendered":"<address style=\"text-align: center;\"><img loading=\"lazy\" decoding=\"async\" class=\"size-medium wp-image-182\" alt=\"  ...\" src=\"http:\/\/wordpressbarrinar.barrinarcapalasostenibilitat.org\/wp-content\/uploads\/2013\/04\/catering-tama\u00f1o-peque\u00f1o-745x350-300x140.jpg\" width=\"334\" height=\"156\" srcset=\"http:\/\/barrinar.cat\/wp-content\/uploads\/2013\/04\/catering-tama\u00f1o-peque\u00f1o-745x350-300x140.jpg 300w, http:\/\/barrinar.cat\/wp-content\/uploads\/2013\/04\/catering-tama\u00f1o-peque\u00f1o-745x350.jpg 745w\" sizes=\"auto, (max-width: 334px) 100vw, 334px\" \/><\/address>\n<address style=\"text-align: center;\"><span style=\"color: #999999;\">Gesti\u00f3 Sostenible de C\u00e0tering<\/span><\/address>\n<address style=\"text-align: center;\"><span style=\"color: #999999;\">Sensibilitzaci\u00f3 en Agroecologia<\/span><\/address>\n<address style=\"text-align: center;\"><span style=\"color: #999999;\">Consum Conscient per una Alimentaci\u00f3 Responsable<\/span><\/address>\n<p style=\"text-align: center;\"><span style=\"color: #999999;\">&#8212;&#8212;&#8212;&#8212;&#8212;&#8212;&#8212;&#8212;-<\/span><\/p>\n<p style=\"text-align: center;\">Pots contactar amb nosaltres via correu electr\u00f2nic escrivint-nos a <b><a href=\"mailto:info@barrinar.cat\">info@barrinar.cat<\/a>,<\/b><\/p>\n<p style=\"text-align: center;\">seguint-nos a les xarxes socials o deixant el teu missatge aqu\u00ed.<\/p>\n<p style=\"text-align: center;\">\n<p>[contact_form]<\/p>\n","protected":false},"excerpt":{"rendered":"<p>Gesti\u00f3 Sostenible de C\u00e0tering Sensibilitzaci\u00f3 en Agroecologia Consum Conscient per una Alimentaci\u00f3 Responsable &#8212;&#8212;&#8212;&#8212;&#8212;&#8212;&#8212;&#8212;- Pots contactar amb nosaltres via correu electr\u00f2nic escrivint-nos a info@barrinar.cat, seguint-nos a les xarxes socials o deixant el teu missatge aqu\u00ed. [contact_form]<\/p>\n","protected":false},"author":2,"featured_media":0,"parent":0,"menu_order":7,"comment_status":"closed","ping_status":"open","template":"full-width-page.php","meta":{"footnotes":""},"class_list":["post-33","page","type-page","status-publish","hentry"],"_links":{"self":[{"href":"http:\/\/barrinar.cat\/index.php?rest_route=\/wp\/v2\/pages\/33","targetHints":{"allow":["GET"]}}],"collection":[{"href":"http:\/\/barrinar.cat\/index.php?rest_route=\/wp\/v2\/pages"}],"about":[{"href":"http:\/\/barrinar.cat\/index.php?rest_route=\/wp\/v2\/types\/page"}],"author":[{"embeddable":true,"href":"http:\/\/barrinar.cat\/index.php?rest_route=\/wp\/v2\/users\/2"}],"replies":[{"embeddable":true,"href":"http:\/\/barrinar.cat\/index.php?rest_route=%2Fwp%2Fv2%2Fcomments&post=33"}],"version-history":[{"count":20,"href":"http:\/\/barrinar.cat\/index.php?rest_route=\/wp\/v2\/pages\/33\/revisions"}],"predecessor-version":[{"id":36,"href":"http:\/\/barrinar.cat\/index.php?rest_route=\/wp\/v2\/pages\/33\/revisions\/36"}],"wp:attachment":[{"href":"http:\/\/barrinar.cat\/index.php?rest_route=%2Fwp%2Fv2%2Fmedia&parent=33"}],"curies":[{"name":"wp","href":"https:\/\/api.w.org\/{rel}","templated":true}]}}