{"id":28,"date":"2013-04-08T15:51:22","date_gmt":"2013-04-08T15:51:22","guid":{"rendered":"http:\/\/wordpressbarrinar.barrinarcapalasostenibilitat.org\/?page_id=28"},"modified":"2016-12-07T20:57:45","modified_gmt":"2016-12-07T19:57:45","slug":"ecologico","status":"publish","type":"page","link":"http:\/\/barrinar.cat\/?page_id=28","title":{"rendered":"Ecol\u00f2gic"},"content":{"rendered":"<p>Tots els nostres productes s\u00f3n de <b>producci\u00f3 ecol\u00f2gica<\/b> i la majoria d\u2019ells certificats (CCPAE, segell europeu d\u2019agricultura ecol\u00f2gica i altres).<\/p>\n<p>Tamb\u00e9 recolzem i apostem per <b>segells participatius de garantia<\/b>, que es basen en la visi\u00f3 compartida que tenen productors i consumidors del model productiu. La confian\u00e7a, la horitzontalitat, la transpar\u00e8ncia i la participaci\u00f3 son alguns dels principis que caracteritzen aquest tipus de certificaci\u00f3.<\/p>\n<p>&nbsp;<\/p>\n<p>&nbsp;<\/p>\n","protected":false},"excerpt":{"rendered":"<p>Tots els nostres productes s\u00f3n de producci\u00f3 ecol\u00f2gica i la majoria d\u2019ells certificats (CCPAE, segell europeu d\u2019agricultura ecol\u00f2gica i altres). Tamb\u00e9 recolzem i apostem per segells participatius de garantia, que es basen en la visi\u00f3 compartida que tenen productors i &hellip;<\/p>\n<p class=\"read-more\"> <a class=\"more-link\" href=\"http:\/\/barrinar.cat\/?page_id=28\"> <span class=\"screen-reader-text\">Ecol\u00f2gic<\/span> Leer m\u00e1s \u00bb<\/a><\/p>\n","protected":false},"author":2,"featured_media":0,"parent":25,"menu_order":0,"comment_status":"closed","ping_status":"open","template":"full-width-page.php","meta":{"footnotes":""},"class_list":["post-28","page","type-page","status-publish","hentry"],"_links":{"self":[{"href":"http:\/\/barrinar.cat\/index.php?rest_route=\/wp\/v2\/pages\/28","targetHints":{"allow":["GET"]}}],"collection":[{"href":"http:\/\/barrinar.cat\/index.php?rest_route=\/wp\/v2\/pages"}],"about":[{"href":"http:\/\/barrinar.cat\/index.php?rest_route=\/wp\/v2\/types\/page"}],"author":[{"embeddable":true,"href":"http:\/\/barrinar.cat\/index.php?rest_route=\/wp\/v2\/users\/2"}],"replies":[{"embeddable":true,"href":"http:\/\/barrinar.cat\/index.php?rest_route=%2Fwp%2Fv2%2Fcomments&post=28"}],"version-history":[{"count":7,"href":"http:\/\/barrinar.cat\/index.php?rest_route=\/wp\/v2\/pages\/28\/revisions"}],"predecessor-version":[{"id":286,"href":"http:\/\/barrinar.cat\/index.php?rest_route=\/wp\/v2\/pages\/28\/revisions\/286"}],"up":[{"embeddable":true,"href":"http:\/\/barrinar.cat\/index.php?rest_route=\/wp\/v2\/pages\/25"}],"wp:attachment":[{"href":"http:\/\/barrinar.cat\/index.php?rest_route=%2Fwp%2Fv2%2Fmedia&parent=28"}],"curies":[{"name":"wp","href":"https:\/\/api.w.org\/{rel}","templated":true}]}}