{"id":2,"date":"2013-04-07T20:32:31","date_gmt":"2013-04-07T20:32:31","guid":{"rendered":"http:\/\/wordpressbarrinar.barrinarcapalasostenibilitat.org\/?page_id=2"},"modified":"2013-04-08T16:16:43","modified_gmt":"2013-04-08T16:16:43","slug":"pagina-ejemplo","status":"publish","type":"page","link":"http:\/\/barrinar.cat\/?page_id=2","title":{"rendered":"Blog"},"content":{"rendered":"<p>&nbsp;<\/p>\n<p>Si eres nuevo en WordPress deber\u00edas ir a <a href=\"http:\/\/wordpressbarrinar.barrinarcapalasostenibilitat.org\/wp-admin\/\">tu escritorio<\/a> para borrar esta p\u00e1ginay crear p\u00e1ginas nuevas con tu propio contenido. \u00a1P\u00e1salo bien!<\/p>\n","protected":false},"excerpt":{"rendered":"<p>&nbsp; Si eres nuevo en WordPress deber\u00edas ir a tu escritorio para borrar esta p\u00e1ginay crear p\u00e1ginas nuevas con tu propio contenido. \u00a1P\u00e1salo bien!<\/p>\n","protected":false},"author":2,"featured_media":0,"parent":0,"menu_order":6,"comment_status":"open","ping_status":"open","template":"blog-excerpt.php","meta":{"footnotes":""},"class_list":["post-2","page","type-page","status-publish","hentry"],"_links":{"self":[{"href":"http:\/\/barrinar.cat\/index.php?rest_route=\/wp\/v2\/pages\/2","targetHints":{"allow":["GET"]}}],"collection":[{"href":"http:\/\/barrinar.cat\/index.php?rest_route=\/wp\/v2\/pages"}],"about":[{"href":"http:\/\/barrinar.cat\/index.php?rest_route=\/wp\/v2\/types\/page"}],"author":[{"embeddable":true,"href":"http:\/\/barrinar.cat\/index.php?rest_route=\/wp\/v2\/users\/2"}],"replies":[{"embeddable":true,"href":"http:\/\/barrinar.cat\/index.php?rest_route=%2Fwp%2Fv2%2Fcomments&post=2"}],"version-history":[{"count":7,"href":"http:\/\/barrinar.cat\/index.php?rest_route=\/wp\/v2\/pages\/2\/revisions"}],"predecessor-version":[{"id":4,"href":"http:\/\/barrinar.cat\/index.php?rest_route=\/wp\/v2\/pages\/2\/revisions\/4"}],"wp:attachment":[{"href":"http:\/\/barrinar.cat\/index.php?rest_route=%2Fwp%2Fv2%2Fmedia&parent=2"}],"curies":[{"name":"wp","href":"https:\/\/api.w.org\/{rel}","templated":true}]}}